{"id":31,"date":"2012-11-09T19:04:13","date_gmt":"2012-11-09T18:04:13","guid":{"rendered":"http:\/\/relangesbio.fr\/?page_id=31"},"modified":"2026-01-21T16:26:07","modified_gmt":"2026-01-21T15:26:07","slug":"informations","status":"publish","type":"page","link":"https:\/\/relangesbio.fr\/?page_id=31","title":{"rendered":"Informations"},"content":{"rendered":"<p>&nbsp;<\/p>\n<p><span style=\"text-decoration: underline;\"><span style=\"font-size: large;\"><strong>Conditions\u00a0l\u00e9gales<\/strong><\/span><\/span><\/p>\n<p>Le site www.Relanges bio.fr\u00a0 est \u00e9dit\u00e9 par le <strong>Comit\u00e9 d\u2019organisation de la foire Bio de<\/strong> <strong>Relanges<\/strong> dont le si\u00e8ge se situe\u00a0:<\/p>\n<address><span style=\"font-size: medium;\">?????????<\/span><\/address>\n<address><span style=\"font-size: medium;\">Grande Rue<\/span><\/address>\n<address><span style=\"font-size: medium;\">88260 RELANGES<\/span><\/address>\n<address><span style=\"font-size: medium;\">Tel:&#8230;&#8230;&#8230;&#8230;<\/span><\/address>\n<p><strong><br \/>\n<\/strong><strong>Licence et droits de reproduction<\/strong><\/p>\n<p>Par l&rsquo;acc\u00e8s au site de \u00ab\u00a0Relanges Bio\u00a0\u00bb, le <strong>Comit\u00e9 d\u2019Organisation de<\/strong> <strong>\u00ab\u00a0Relanges Bio\u00a0\u00bb<\/strong> consent \u00e0 l&rsquo;utilisateur qui l&rsquo;accepte une licence dans les conditions suivantes\u00a0:<\/p>\n<p>Cette\u00a0 licence attribue \u00e0 l&rsquo;utilisateur un droit d&rsquo;usage priv\u00e9, non collectif et non exclusif, sur le contenu du site.<\/p>\n<p>Elle comprend le droit de reproduire, \u00e0 usage personnel, pour stockage aux fins de repr\u00e9sentation sur \u00e9cran monoposte et de reproduction, en un exemplaire, pour copie de sauvegarde ou tirage sur papier.<\/p>\n<p><strong>Toute mise en r\u00e9seau, toute rediffusion, sous quelque forme, m\u00eame partielle, est\u00a0 interdite. <\/strong><\/p>\n<p>Ce droit est personnel, il est r\u00e9serv\u00e9 \u00e0 l&rsquo;usage exclusif et non collectif du licenci\u00e9. Il n&rsquo;est transmissible en aucune mani\u00e8re.<\/p>\n<p>Tout autre usage est soumis \u00e0 autorisation pr\u00e9alable. La violation de ces dispositions imp\u00e9ratives soumet le contrevenant, et toutes personnes responsables, aux peines p\u00e9nales et civiles pr\u00e9vues par la loi.<\/p>\n<p><strong>Pour toute information et demande de reproduction sur support \u00e9lectronique ou sur support papier, ou pour tout lien Internet souhait\u00e9 avec le site \u00ab\u00a0\u00a0www.\u00a0Relangesbio.fr\u00a0\u00bb, contactez-nous par courrier ou par mail <\/strong><\/p>\n<p>&nbsp;<\/p>\n<p><strong>Informatique et libert\u00e9s &#8211; recommandations de la CNIL<\/strong><\/p>\n<p>Le site www.Relanges bio.fr a fait l&rsquo;objet d&rsquo;une d\u00e9claration dans le cadre des sites Internet aupr\u00e8s de la Commission nationale de l&rsquo;informatique et des libert\u00e9s (CNIL &#8211; D\u00e9claration n\u00b0&#8230;&#8230;&#8230;&#8230;..) en application des articles 15 et 16 de la loi 78-17 du 6 janvier 1978 relative \u00e0 l&rsquo;informatique, aux fichiers et aux libert\u00e9s.<\/p>\n<p>Vous pouvez disposer d&rsquo;un droit d&rsquo;acc\u00e8s, pour modifier, ou supprimer des donn\u00e9es vous concernant. Vous pouvez l&rsquo;exercer :<\/p>\n<p>&#8211; soit en \u00e9crivant au Comit\u00e9 d\u2019organisation de \u00ab\u00a0Relanges Bio\u00a0\u00bb\u00a0??????? 88260 Relanges Tel\u00a0: 03 29\u00a0??\u00a0??\u00a0??<\/p>\n<p>&#8211; soit en nous adressant un mail<\/p>\n<p>Les informations collect\u00e9es sont destin\u00e9es principalement \u00e0 l&rsquo;usage du <strong>Comit\u00e9 d\u2019organisation de \u00ab\u00a0Relanges Bio\u00a0\u00bb.<\/strong><\/p>\n<p>Elles nous permettent de traiter votre demande d\u2019informations de vous informer sur les programmes de notre manifestation.<\/p>\n<p>Soyez assur\u00e9s que nous collectons vos donn\u00e9es personnelles de fa\u00e7on loyale, et que nous les stockons de fa\u00e7on s\u00e9curis\u00e9e. Vos donn\u00e9es ne sont pas \u00e0 la disposition du public ou de tiers (\u00e0 l&rsquo;exception toutefois de nos prestataires techniques lorsqu&rsquo;ils interviennent sur nos machines, mais ils sont tenus aux m\u00eames obligations de confidentialit\u00e9 et de s\u00e9curit\u00e9 que nous). Pour assurer plus pleinement encore la s\u00e9curisation de vos donn\u00e9es (leur transmission entre votre ordinateur et nos machines n&rsquo;\u00e9tant pas, elle, s\u00e9curis\u00e9e), <strong>il vous appartient de conserver secrets vos mot de passe et pseudo. <\/strong><\/p>\n<p><strong>Pour en savoir plus : <\/strong><a href=\"http:\/\/www.cnil.fr\"><strong>www.cnil.fr<\/strong><\/a><strong><\/strong><\/p>\n<p><strong>\u00a0<\/strong><\/p>\n<p><strong>Responsabilit\u00e9s<\/strong><\/p>\n<p>Le <strong>Comit\u00e9 d\u2019organisation de \u00ab\u00a0Relanges Bio\u00a0\u00bb<\/strong> ne saurait \u00eatre tenu responsable :<\/p>\n<p>&#8211; des dommages de toute nature, directs ou indirects r\u00e9sultant du contenu et\/ou de l&rsquo;acc\u00e8s et\/ou de l&rsquo;utilisation du site (et\/ou des sites qui lui sont li\u00e9s), incluant notamment mais non limitativement toute perte d&rsquo;exploitation, financi\u00e8re ou commerciale, perte de programmes et\/ou de donn\u00e9es, toutes d\u00e9t\u00e9riorations ou virus qui pourraient infecter l&rsquo;\u00e9quipement informatique ou tout autre bien de l&rsquo;utilisateur du site,<\/p>\n<p>&#8211; des probl\u00e8mes techniques ou autres rendant l&rsquo;acc\u00e8s au site (et\/ou aux sites lui \u00e9tant li\u00e9s) difficile, al\u00e9atoire, voire impossible, et ce quelles qu&rsquo;en soient l&rsquo;origine et la provenance,<\/p>\n<p>&#8211; du contenu des informations pr\u00e9sent\u00e9es sur le site, de leur interpr\u00e9tation et plus g\u00e9n\u00e9ralement des erreurs ou omissions que pourrait contenir le site, bien que le <strong>Comit\u00e9 d\u2019Organisation de<\/strong> <strong>\u00ab\u00a0Relanges Bio\u00a0\u00bb<\/strong> s&rsquo;efforce de diffuser des informations pr\u00e9cises et de les mettre \u00e0 jour.<\/p>\n<p>&nbsp;<\/p>\n<p>&nbsp;<\/p>\n<p><strong>Modifications \/ mises \u00e0 jour <\/strong>:<\/p>\n<p>Le <strong>Comit\u00e9 d\u2019Organisation de \u00ab\u00a0Relanges Bio\u00a0\u00bb<\/strong>\u00a0 se r\u00e9serve le droit \u00e0 tout moment et sans pr\u00e9avis :<br \/>\n&#8211; de modifier ou mettre \u00e0 jour les informations publi\u00e9es sur le site et le site lui-m\u00eame,<br \/>\n&#8211; de modifier et de fa\u00e7on plus g\u00e9n\u00e9rale d&rsquo;actualiser les pr\u00e9sentes informations et conditions d&rsquo;utilisation.<\/p>\n<p>C&rsquo;est pourquoi nous vous invitons \u00e0 les consulter r\u00e9guli\u00e8rement.<\/p>\n<p><strong>Responsabilit\u00e9 de l&rsquo;utilisateur du site<\/strong><\/p>\n<p>L&rsquo;utilisateur du site est responsable de tous dommages caus\u00e9s \u00e0 tout tiers y compris au <strong>Comit\u00e9 d\u2019Organisation de \u00ab\u00a0Relanges Bio\u00a0\u00bb,<\/strong> du fait de l&rsquo;utilisation ou de l&rsquo;exploitation illicite du site lui-m\u00eame et\/ou de l&rsquo;un de ses \u00e9l\u00e9ments, et garantit le <strong>\u00ab\u00a0Comit\u00e9 d\u2019Organisation de<\/strong> <strong>Relanges Bio\u00bb<\/strong> des cons\u00e9quences des r\u00e9clamations ou actions dont elle pourrait, de ce fait, faire l&rsquo;objet.<\/p>\n<p>L&rsquo;utilisateur du site renonce \u00e9galement \u00e0 exercer tout recours contre le <strong>Comit\u00e9 d\u2019Organisation de \u00ab\u00a0Relanges Bio\u00a0\u00bb<\/strong> dans le cas de poursuites diligent\u00e9es par un tiers \u00e0 son encontre du fait de l&rsquo;utilisation et\/ou de l&rsquo;exploitation illicite du site.<\/p>\n","protected":false},"excerpt":{"rendered":"<p>&nbsp; Conditions\u00a0l\u00e9gales Le site www.Relanges bio.fr\u00a0 est \u00e9dit\u00e9 par le Comit\u00e9 d\u2019organisation de la foire Bio de Relanges dont le si\u00e8ge se situe\u00a0: ????????? Grande Rue 88260 RELANGES Tel:&#8230;&#8230;&#8230;&#8230; Licence et droits de reproduction Par l&rsquo;acc\u00e8s au site de \u00ab\u00a0Relanges &hellip; <a href=\"https:\/\/relangesbio.fr\/?page_id=31\">Continuer la lecture <span class=\"meta-nav\">&rarr;<\/span><\/a><\/p>\n","protected":false},"author":1,"featured_media":0,"parent":0,"menu_order":1,"comment_status":"open","ping_status":"open","template":"","meta":{"footnotes":""},"class_list":["post-31","page","type-page","status-publish","hentry"],"_links":{"self":[{"href":"https:\/\/relangesbio.fr\/index.php?rest_route=\/wp\/v2\/pages\/31","targetHints":{"allow":["GET"]}}],"collection":[{"href":"https:\/\/relangesbio.fr\/index.php?rest_route=\/wp\/v2\/pages"}],"about":[{"href":"https:\/\/relangesbio.fr\/index.php?rest_route=\/wp\/v2\/types\/page"}],"author":[{"embeddable":true,"href":"https:\/\/relangesbio.fr\/index.php?rest_route=\/wp\/v2\/users\/1"}],"replies":[{"embeddable":true,"href":"https:\/\/relangesbio.fr\/index.php?rest_route=%2Fwp%2Fv2%2Fcomments&post=31"}],"version-history":[{"count":17,"href":"https:\/\/relangesbio.fr\/index.php?rest_route=\/wp\/v2\/pages\/31\/revisions"}],"predecessor-version":[{"id":1283,"href":"https:\/\/relangesbio.fr\/index.php?rest_route=\/wp\/v2\/pages\/31\/revisions\/1283"}],"wp:attachment":[{"href":"https:\/\/relangesbio.fr\/index.php?rest_route=%2Fwp%2Fv2%2Fmedia&parent=31"}],"curies":[{"name":"wp","href":"https:\/\/api.w.org\/{rel}","templated":true}]}}