{"id":61,"date":"2012-11-09T20:11:01","date_gmt":"2012-11-09T19:11:01","guid":{"rendered":"http:\/\/relangesbio.fr\/?page_id=61"},"modified":"2026-04-13T09:20:12","modified_gmt":"2026-04-13T08:20:12","slug":"itineraire","status":"publish","type":"page","link":"https:\/\/relangesbio.fr\/?page_id=61","title":{"rendered":"Itineraire et covoiturage"},"content":{"rendered":"<p>Pour nous\u00a0 rejoindre :<\/p>\n<div class=\"x11i5rnm xat24cr x1mh8g0r x1vvkbs xtlvy1s x126k92a\">\n<div dir=\"auto\">Pensez au covoiturage !<\/div>\n<div dir=\"auto\">Proposez ou trouvez votre trajet vers Relanges Bio sur l&rsquo;\u00e9v\u00e8nement d\u00e9di\u00e9 :<\/div>\n<div dir=\"auto\">\u00a0<\/div>\n<div dir=\"auto\">\n<p>\u00a0Lien pour le covoiturage: <a href=\"https:\/\/togetzer.com\/\">https:\/\/togetzer.com\/<\/a><\/p>\n<p>&nbsp;<\/p>\n<\/div>\n<\/div>\n<div dir=\"auto\">\u00a0<\/div>\n<div dir=\"auto\">\u00a0<\/div>\n<div dir=\"auto\">\u00a0<\/div>\n<div class=\"x11i5rnm xat24cr x1mh8g0r x1vvkbs xtlvy1s x126k92a\">\n<div dir=\"auto\"><span class=\"x3nfvp2 x1j61x8r x1fcty0u xdj266r xhhsvwb xat24cr xgzva0m xxymvpz xlup9mm x1kky2od\"><img loading=\"lazy\" decoding=\"async\" src=\"https:\/\/static.xx.fbcdn.net\/images\/emoji.php\/v9\/t18\/1\/16\/1f17f.png\" alt=\"\ud83c\udd7f\ufe0f\" width=\"16\" height=\"16\" \/><\/span> O\u00f9 se garer ?<\/div>\n<div dir=\"auto\">Relanges n&rsquo;est certes pas un tr\u00e8s grand village, mais tout a \u00e9t\u00e9 pens\u00e9 !<\/div>\n<div dir=\"auto\">\u00a0<\/div>\n<div dir=\"auto\">Vous trouverez donc :<\/div>\n<div dir=\"auto\">\u2022 1 parking Exposants situ\u00e9 derri\u00e8re la ferme de la Fontenelle, \ud835\udff0\ud835\udff3 \ud835\uddda\ud835\uddff\ud835\uddee\ud835\uddfb\ud835\uddf1\ud835\uddf2 \ud835\udde5\ud835\ude02\ud835\uddf2, \ud835\udff4\ud835\udff4\ud835\udfee\ud835\udff2\ud835\udfec \ud835\udde5\ud835\uddf2\ud835\uddf9\ud835\uddee\ud835\uddfb\ud835\uddf4\ud835\uddf2\ud835\ude00<\/div>\n<div dir=\"auto\">\u2022 1 parking PMR situ\u00e9 en face du Lavoir, devant le \ud835\udfef\ud835\udfef \ud835\uddda\ud835\uddff\ud835\uddee\ud835\uddfb\ud835\uddf1\ud835\uddf2 \ud835\udde5\ud835\ude02\ud835\uddf2, \ud835\udff4\ud835\udff4\ud835\udfee\ud835\udff2\ud835\udfec \ud835\udde5\ud835\uddf2\ud835\uddf9\ud835\uddee\ud835\uddfb\ud835\uddf4\ud835\uddf2\ud835\ude00<\/div>\n<div dir=\"auto\">\u2022 2 parkings Public, l&rsquo;un situ\u00e9 \ud835\uddff\ud835\ude02\ud835\uddf2 \ud835\uddf1\ud835\uddf2\ud835\ude00 \ud835\udddf\ud835\uddfc\ud835\ude02\ud835\uddfd\ud835\ude00, \ud835\udff4\ud835\udff4\ud835\udfee\ud835\udff2\ud835\udfec \ud835\udde5\ud835\uddf2\ud835\uddf9\ud835\uddee\ud835\uddfb\ud835\uddf4\ud835\uddf2\ud835\ude00 (en face de la Mairie), l&rsquo;autre situ\u00e9 \ud835\uddff\ud835\uddfc\ud835\ude02\ud835\ude01\ud835\uddf2 \ud835\uddf1\ud835\uddf2 \ud835\udde9\ud835\uddf6\ud835\ude01\ud835\ude01\ud835\uddf2\ud835\uddf9, \ud835\udff4\ud835\udff4\ud835\udfee\ud835\udff2\ud835\udfec \ud835\udde5\ud835\uddf2\ud835\uddf9\ud835\uddee\ud835\uddfb\ud835\uddf4\ud835\uddf2\ud835\ude00<\/div>\n<\/div>\n\n\n<p><\/p>\n","protected":false},"excerpt":{"rendered":"<p>Pour nous\u00a0 rejoindre : Pensez au covoiturage ! Proposez ou trouvez votre trajet vers Relanges Bio sur l&rsquo;\u00e9v\u00e8nement d\u00e9di\u00e9 : \u00a0 \u00a0Lien pour le covoiturage: https:\/\/togetzer.com\/ &nbsp; \u00a0 \u00a0 \u00a0 O\u00f9 se garer ? Relanges n&rsquo;est certes pas un tr\u00e8s &hellip; <a href=\"https:\/\/relangesbio.fr\/?page_id=61\">Continuer la lecture <span class=\"meta-nav\">&rarr;<\/span><\/a><\/p>\n","protected":false},"author":1,"featured_media":0,"parent":31,"menu_order":0,"comment_status":"open","ping_status":"open","template":"","meta":{"footnotes":""},"class_list":["post-61","page","type-page","status-publish","hentry"],"_links":{"self":[{"href":"https:\/\/relangesbio.fr\/index.php?rest_route=\/wp\/v2\/pages\/61","targetHints":{"allow":["GET"]}}],"collection":[{"href":"https:\/\/relangesbio.fr\/index.php?rest_route=\/wp\/v2\/pages"}],"about":[{"href":"https:\/\/relangesbio.fr\/index.php?rest_route=\/wp\/v2\/types\/page"}],"author":[{"embeddable":true,"href":"https:\/\/relangesbio.fr\/index.php?rest_route=\/wp\/v2\/users\/1"}],"replies":[{"embeddable":true,"href":"https:\/\/relangesbio.fr\/index.php?rest_route=%2Fwp%2Fv2%2Fcomments&post=61"}],"version-history":[{"count":22,"href":"https:\/\/relangesbio.fr\/index.php?rest_route=\/wp\/v2\/pages\/61\/revisions"}],"predecessor-version":[{"id":3280,"href":"https:\/\/relangesbio.fr\/index.php?rest_route=\/wp\/v2\/pages\/61\/revisions\/3280"}],"up":[{"embeddable":true,"href":"https:\/\/relangesbio.fr\/index.php?rest_route=\/wp\/v2\/pages\/31"}],"wp:attachment":[{"href":"https:\/\/relangesbio.fr\/index.php?rest_route=%2Fwp%2Fv2%2Fmedia&parent=61"}],"curies":[{"name":"wp","href":"https:\/\/api.w.org\/{rel}","templated":true}]}}