{"id":70,"date":"2012-11-09T20:13:07","date_gmt":"2012-11-09T19:13:07","guid":{"rendered":"http:\/\/relangesbio.fr\/?page_id=70"},"modified":"2026-04-14T19:01:45","modified_gmt":"2026-04-14T18:01:45","slug":"programme-2013","status":"publish","type":"page","link":"https:\/\/relangesbio.fr\/","title":{"rendered":"Relanges Bio"},"content":{"rendered":"\n<h1 class=\"wp-block-heading has-text-align-center\"><strong>20 i\u00e8me Rencontre de l&rsquo;Agriculture Biologique, des Alternatives Ecologiques et de la Solidarit\u00e9<\/strong><\/h1>\n\n\n\n<p class=\"has-text-align-center\"><strong>Samedi 18 avril 2026 de 14h \u00e0 19h et dimanche 19 avril 2026 de 10h \u00e0 18h <\/strong><\/p>\n\n\n\n<h2 class=\"wp-block-heading has-text-align-center\">RELANGES BIO : <a href=\"https:\/\/youtu.be\/oMscnBtbDPY?si=PtV2fT_rUdnaPcqo\">https:\/\/youtu.be\/oMscnBtbDPY?si=PtV2fT_rUdnaPcqo<\/a><\/h2>\n\n\n\n<iframe style=\"border:none; width:100%; height:73px;\" src=\"https:\/\/togetzer.com\/widget.php?params=YTo0OntzOjExOiJhcHBsaWVkVHlwZSI7czo1OiJldmVudCI7czo0OiJ0eXBlIjtzOjU6ImxpZ25lIjtzOjI6ImlkIjtzOjU6Ijc1MDYwIjtzOjc6Im9wdGlvbnMiO086Mjk6IklsbHVtaW5hdGVcU3VwcG9ydFxDb2xsZWN0aW9uIjoxOntzOjg6IgAqAGl0ZW1zIjthOjI6e3M6NToiY29sb3IiO3M6NToiYmxhbmMiO3M6NjoiYm9yZGVyIjtzOjU6ImNhcnJlIjt9fX0=\"><\/iframe>\n\n\n\n<p><\/p>\n\n\n<div class=\"wp-block-image\">\n<figure class=\"aligncenter size-full\"><a href=\"https:\/\/relangesbio.fr\/wp-content\/uploads\/2026\/03\/affiche-RB-20-ans.jpg\"><img loading=\"lazy\" decoding=\"async\" width=\"402\" height=\"541\" src=\"https:\/\/relangesbio.fr\/wp-content\/uploads\/2026\/03\/affiche-RB-20-ans.jpg\" alt=\"\" class=\"wp-image-3189\" srcset=\"https:\/\/relangesbio.fr\/wp-content\/uploads\/2026\/03\/affiche-RB-20-ans.jpg 402w, https:\/\/relangesbio.fr\/wp-content\/uploads\/2026\/03\/affiche-RB-20-ans-223x300.jpg 223w\" sizes=\"auto, (max-width: 402px) 100vw, 402px\" \/><\/a><\/figure><\/div>\n\n\n<figure class=\"wp-block-gallery has-nested-images columns-default is-cropped wp-block-gallery-1 is-layout-flex wp-block-gallery-is-layout-flex\">\n<figure class=\"wp-block-image size-large\"><a href=\"https:\/\/relangesbio.fr\/wp-content\/uploads\/2026\/03\/Programme-recto.jpg\"><img loading=\"lazy\" decoding=\"async\" width=\"1024\" height=\"373\" data-id=\"3180\" src=\"https:\/\/relangesbio.fr\/wp-content\/uploads\/2026\/03\/Programme-recto-1024x373.jpg\" alt=\"\" class=\"wp-image-3180\" srcset=\"https:\/\/relangesbio.fr\/wp-content\/uploads\/2026\/03\/Programme-recto-1024x373.jpg 1024w, https:\/\/relangesbio.fr\/wp-content\/uploads\/2026\/03\/Programme-recto-300x109.jpg 300w, https:\/\/relangesbio.fr\/wp-content\/uploads\/2026\/03\/Programme-recto-768x280.jpg 768w, https:\/\/relangesbio.fr\/wp-content\/uploads\/2026\/03\/Programme-recto.jpg 1269w\" sizes=\"auto, (max-width: 1024px) 100vw, 1024px\" \/><\/a><\/figure>\n<\/figure>\n\n\n\n<figure class=\"wp-block-image size-large\"><a href=\"https:\/\/relangesbio.fr\/wp-content\/uploads\/2026\/03\/Programme-verso.jpg\"><img loading=\"lazy\" decoding=\"async\" width=\"1024\" height=\"371\" src=\"https:\/\/relangesbio.fr\/wp-content\/uploads\/2026\/03\/Programme-verso-1024x371.jpg\" alt=\"\" class=\"wp-image-3184\" srcset=\"https:\/\/relangesbio.fr\/wp-content\/uploads\/2026\/03\/Programme-verso-1024x371.jpg 1024w, https:\/\/relangesbio.fr\/wp-content\/uploads\/2026\/03\/Programme-verso-300x109.jpg 300w, https:\/\/relangesbio.fr\/wp-content\/uploads\/2026\/03\/Programme-verso-768x278.jpg 768w, https:\/\/relangesbio.fr\/wp-content\/uploads\/2026\/03\/Programme-verso.jpg 1273w\" sizes=\"auto, (max-width: 1024px) 100vw, 1024px\" \/><\/a><\/figure>\n\n\n\n<figure class=\"wp-block-image size-large is-resized\"><a href=\"https:\/\/relangesbio.fr\/wp-content\/uploads\/2026\/03\/04-18-Relange-Bio_-Affiche_page-0001-1.jpg\"><img loading=\"lazy\" decoding=\"async\" width=\"724\" height=\"1024\" src=\"https:\/\/relangesbio.fr\/wp-content\/uploads\/2026\/03\/04-18-Relange-Bio_-Affiche_page-0001-1-724x1024.jpg\" alt=\"\" class=\"wp-image-3200\" style=\"width:546px;height:auto\" srcset=\"https:\/\/relangesbio.fr\/wp-content\/uploads\/2026\/03\/04-18-Relange-Bio_-Affiche_page-0001-1-724x1024.jpg 724w, https:\/\/relangesbio.fr\/wp-content\/uploads\/2026\/03\/04-18-Relange-Bio_-Affiche_page-0001-1-212x300.jpg 212w, https:\/\/relangesbio.fr\/wp-content\/uploads\/2026\/03\/04-18-Relange-Bio_-Affiche_page-0001-1-768x1086.jpg 768w, https:\/\/relangesbio.fr\/wp-content\/uploads\/2026\/03\/04-18-Relange-Bio_-Affiche_page-0001-1-1086x1536.jpg 1086w, https:\/\/relangesbio.fr\/wp-content\/uploads\/2026\/03\/04-18-Relange-Bio_-Affiche_page-0001-1-1448x2048.jpg 1448w, https:\/\/relangesbio.fr\/wp-content\/uploads\/2026\/03\/04-18-Relange-Bio_-Affiche_page-0001-1.jpg 1754w\" sizes=\"auto, (max-width: 724px) 100vw, 724px\" \/><\/a><\/figure>\n\n\n\n<ul class=\"wp-block-list\">\n<li>Pour plus d&rsquo;informations :<\/li>\n\n\n\n<li>Pascale 06 86 04 26 37 Exposants<\/li>\n\n\n\n<li>Fran\u00e7ois 06 80 41 35 51 Logistique<\/li>\n<\/ul>\n\n\n\n<p><\/p>\n\n\n\n<div class=\"wp-block-group\"><div class=\"wp-block-group__inner-container is-layout-constrained wp-block-group-is-layout-constrained\">\n<details class=\"wp-block-details is-layout-flow wp-block-details-is-layout-flow\"><summary>STRUCTURES PORTEUSES<br><strong>&nbsp;&nbsp;&nbsp;&nbsp;&nbsp;&nbsp;&nbsp;&nbsp;&nbsp;&nbsp;&nbsp;&nbsp;&nbsp;&nbsp;&nbsp;&nbsp;&nbsp;&nbsp;&nbsp;&nbsp;&nbsp;&nbsp;&nbsp;&nbsp;&nbsp;&nbsp;&nbsp;&nbsp;&nbsp;&nbsp;&nbsp;&nbsp;&nbsp;&nbsp;&nbsp;&nbsp;&nbsp;&nbsp;&nbsp;&nbsp;&nbsp;&nbsp;&nbsp;&nbsp;&nbsp;&nbsp;&nbsp;&nbsp;&nbsp;<\/strong><br><strong>L\u2019association Relanges Bio, <\/strong>cr\u00e9\u00e9e en 2024<strong> <\/strong>(r\u00e9gie par la loi 1901)<br>&nbsp;<br><strong>&nbsp;Le Groupement des Agriculteurs Biologiques des Vosges (GAB 88)<\/strong> regroupe 90 structures adh\u00e9rentes, soit un tiers des fermes bio des Vosges. Il a comme principal objectif la promotion du mode de production en agriculture biologique et la valorisation des produits biologiques des Vosges.<br>&nbsp;<br><strong>Le Foyer rural de Relanges<\/strong><br>&nbsp; L\u2019association Foyer Loisirs et culture cr\u00e9\u00e9e en 1977 (r\u00e9gie par la loi 1901) compte 50 adh\u00e9rents. Elle est affili\u00e9e \u00e0 la FNFR et FDFR. Le Foyer Rural est un \u00e9l\u00e9ment important d\u2019animation et de d\u00e9veloppement de la soci\u00e9t\u00e9 Rurale.<br>Ses buts sont de promouvoir, d\u2019exercer et de d\u00e9velopper&nbsp;:<br>&nbsp;&nbsp;&nbsp;&nbsp;&nbsp;&nbsp; &#8211; des activit\u00e9s de temps libre (r\u00e9cr\u00e9atives, culturelles, sportives\u2026)<br>&nbsp;&nbsp;&nbsp;&nbsp;&nbsp;&nbsp; &#8211; des activit\u00e9s concernant la commune et la vie locale<br>&#8211; de renforcer la solidarit\u00e9 morale, l\u2019esprit de compr\u00e9hension mutuelle et d\u2019entraide en milieu rural<br>&#8211; d\u2019encourager l\u2019innovation et les actions d\u2019\u00e9veil au d\u00e9veloppement rural<br>&nbsp;<br>PR\u00c9SENTATION DU PROJET<br><strong>&nbsp;<\/strong><br>&nbsp;&nbsp;&nbsp; L\u2019association Relanges Bio, le GAB 88, et le Foyer Rural de Relanges avec le soutien actif de la municipalit\u00e9 de Relanges veulent r\u00e9unir des producteurs, des consommateurs de produits naturels, des acteurs du d\u00e9veloppement durable (\u00e9nergies renouvelables, habitat sain) et des militants associatifs.<br>Ce projet qui se veut diff\u00e9rent d&rsquo;une simple foire commerciale, a aussi pour but de favoriser les \u00e9changes et l&rsquo;information.<br>&nbsp;&nbsp; Plus de 100 stands seront install\u00e9s dans les rues du village. Des conf\u00e9rences, et des animations ponctueront les deux journ\u00e9es.<br>&nbsp;&nbsp; Par la gratuit\u00e9 de l&rsquo;acc\u00e8s \u00e0 cette manifestation, les organisateurs souhaitent aussi faire de cet \u00e9v\u00e8nement une vraie f\u00eate populaire.&nbsp;<br><strong>&nbsp;<\/strong><br>OBJECTIFS DE LA MANIFESTATION<br><br>&nbsp;<br><strong>Promouvoir<\/strong> la production, la transformation, la commercialisation et la consommation de produits issus de l&rsquo;agriculture biologique dans le respect de l&rsquo;homme et de l&rsquo;environnement.<br>&nbsp;<br><strong>Pr\u00e9senter <\/strong>aux visiteurs la fili\u00e8re \u00ab\u00a0bio\u00a0\u00bb sous ses aspects informatifs, conviviaux et p\u00e9dagogiques (conf\u00e9rences, expositions, repas, animations, visites de fermes bio\u2026).<br>&nbsp;<br><strong>Contribuer <\/strong>au d\u00e9veloppement de l&rsquo;\u00e9conomie rurale locale.<br>&nbsp;<br><strong>Regrouper <\/strong>les associations \u0153uvrant dans le domaine de l&rsquo;agriculture durable, de l&rsquo;environnement, des \u00e9conomies d&rsquo;\u00e9nergies, des \u00e9nergies renouvelables, du d\u00e9veloppement solidaire, des droits humains et du lien social, afin de leur offrir un lieu d&rsquo;\u00e9change, de d\u00e9bat, et de connaissance mutuelle.<br>&nbsp;<br><strong>Favoriser <\/strong>la prise de conscience de la population par rapport aux enjeux li\u00e9s \u00e0 la sauvegarde de l&rsquo;environnement.<\/summary>\n<p><\/p>\n\n\n\n<p><a href=\"https:\/\/youtu.be\/bccxNhbHZrE\">https:\/\/youtu.be\/bccxNhbHZrE<\/a><\/p>\n<\/details>\n\n\n<\/div><\/div>\n","protected":false},"excerpt":{"rendered":"<p>20 i\u00e8me Rencontre de l&rsquo;Agriculture Biologique, des Alternatives Ecologiques et de la Solidarit\u00e9 Samedi 18 avril 2026 de 14h \u00e0 19h et dimanche 19 avril 2026 de 10h \u00e0 18h RELANGES BIO : https:\/\/youtu.be\/oMscnBtbDPY?si=PtV2fT_rUdnaPcqo<\/p>\n","protected":false},"author":1,"featured_media":108,"parent":0,"menu_order":28,"comment_status":"open","ping_status":"closed","template":"","meta":{"footnotes":""},"class_list":["post-70","page","type-page","status-publish","has-post-thumbnail","hentry"],"_links":{"self":[{"href":"https:\/\/relangesbio.fr\/index.php?rest_route=\/wp\/v2\/pages\/70","targetHints":{"allow":["GET"]}}],"collection":[{"href":"https:\/\/relangesbio.fr\/index.php?rest_route=\/wp\/v2\/pages"}],"about":[{"href":"https:\/\/relangesbio.fr\/index.php?rest_route=\/wp\/v2\/types\/page"}],"author":[{"embeddable":true,"href":"https:\/\/relangesbio.fr\/index.php?rest_route=\/wp\/v2\/users\/1"}],"replies":[{"embeddable":true,"href":"https:\/\/relangesbio.fr\/index.php?rest_route=%2Fwp%2Fv2%2Fcomments&post=70"}],"version-history":[{"count":238,"href":"https:\/\/relangesbio.fr\/index.php?rest_route=\/wp\/v2\/pages\/70\/revisions"}],"predecessor-version":[{"id":3294,"href":"https:\/\/relangesbio.fr\/index.php?rest_route=\/wp\/v2\/pages\/70\/revisions\/3294"}],"wp:featuredmedia":[{"embeddable":true,"href":"https:\/\/relangesbio.fr\/index.php?rest_route=\/wp\/v2\/media\/108"}],"wp:attachment":[{"href":"https:\/\/relangesbio.fr\/index.php?rest_route=%2Fwp%2Fv2%2Fmedia&parent=70"}],"curies":[{"name":"wp","href":"https:\/\/api.w.org\/{rel}","templated":true}]}}